{"id":547,"date":"2022-07-27T08:29:55","date_gmt":"2022-07-27T08:29:55","guid":{"rendered":"https:\/\/new.ezratty.co.il\/expertise\/"},"modified":"2022-08-04T08:16:42","modified_gmt":"2022-08-04T08:16:42","slug":"expertise","status":"publish","type":"page","link":"https:\/\/ezratty.co.il\/fr\/expertise\/","title":{"rendered":"Expertise"},"content":{"rendered":"\t\t<div data-elementor-type=\"wp-page\" data-elementor-id=\"547\" class=\"elementor elementor-547 elementor-91\" data-elementor-post-type=\"page\">\n\t\t\t\t\t\t<section class=\"elementor-section elementor-top-section elementor-element elementor-element-65ad4b64 elementor-section-height-min-height elementor-section-boxed elementor-section-height-default elementor-section-items-middle\" data-id=\"65ad4b64\" data-element_type=\"section\" data-settings=\"{&quot;background_background&quot;:&quot;classic&quot;}\">\n\t\t\t\t\t\t<div class=\"elementor-container elementor-column-gap-default\">\n\t\t\t\t\t<div class=\"elementor-column elementor-col-100 elementor-top-column elementor-element elementor-element-7072e4f\" data-id=\"7072e4f\" data-element_type=\"column\">\n\t\t\t<div class=\"elementor-widget-wrap elementor-element-populated\">\n\t\t\t\t\t\t<section class=\"elementor-section elementor-inner-section elementor-element elementor-element-c6df92f elementor-section-height-min-height elementor-section-boxed elementor-section-height-default\" data-id=\"c6df92f\" data-element_type=\"section\" data-settings=\"{&quot;background_background&quot;:&quot;classic&quot;}\">\n\t\t\t\t\t\t<div class=\"elementor-container elementor-column-gap-default\">\n\t\t\t\t\t<div class=\"elementor-column elementor-col-100 elementor-inner-column elementor-element elementor-element-80b5641\" data-id=\"80b5641\" data-element_type=\"column\">\n\t\t\t<div class=\"elementor-widget-wrap\">\n\t\t\t\t\t\t\t<\/div>\n\t\t<\/div>\n\t\t\t\t\t<\/div>\n\t\t<\/section>\n\t\t\t\t\t<\/div>\n\t\t<\/div>\n\t\t\t\t\t<\/div>\n\t\t<\/section>\n\t\t\t\t<section class=\"elementor-section elementor-top-section elementor-element elementor-element-5936c6ee elementor-section-boxed elementor-section-height-default elementor-section-height-default\" data-id=\"5936c6ee\" data-element_type=\"section\" data-settings=\"{&quot;background_background&quot;:&quot;classic&quot;}\">\n\t\t\t\t\t\t<div class=\"elementor-container elementor-column-gap-default\">\n\t\t\t\t\t<div class=\"elementor-column elementor-col-100 elementor-top-column elementor-element elementor-element-6f8190cd\" data-id=\"6f8190cd\" data-element_type=\"column\" data-settings=\"{&quot;background_background&quot;:&quot;classic&quot;}\">\n\t\t\t<div class=\"elementor-widget-wrap elementor-element-populated\">\n\t\t\t\t\t\t<div class=\"elementor-element elementor-element-7fd1417 elementor-widget elementor-widget-heading\" data-id=\"7fd1417\" data-element_type=\"widget\" data-widget_type=\"heading.default\">\n\t\t\t\t<div class=\"elementor-widget-container\">\n\t\t\t\t\t<h1 class=\"elementor-heading-title elementor-size-default\">Expertise<\/h1>\t\t\t\t<\/div>\n\t\t\t\t<\/div>\n\t\t\t\t<div class=\"elementor-element elementor-element-5b1d86f2 elementor-widget-divider--view-line elementor-widget elementor-widget-divider\" data-id=\"5b1d86f2\" data-element_type=\"widget\" data-widget_type=\"divider.default\">\n\t\t\t\t<div class=\"elementor-widget-container\">\n\t\t\t\t\t\t\t<div class=\"elementor-divider\">\n\t\t\t<span class=\"elementor-divider-separator\">\n\t\t\t\t\t\t<\/span>\n\t\t<\/div>\n\t\t\t\t\t\t<\/div>\n\t\t\t\t<\/div>\n\t\t\t\t<section class=\"elementor-section elementor-inner-section elementor-element elementor-element-54efc02 elementor-section-boxed elementor-section-height-default elementor-section-height-default\" data-id=\"54efc02\" data-element_type=\"section\">\n\t\t\t\t\t\t<div class=\"elementor-container elementor-column-gap-default\">\n\t\t\t\t\t<div class=\"elementor-column elementor-col-100 elementor-inner-column elementor-element elementor-element-196c92c\" data-id=\"196c92c\" data-element_type=\"column\">\n\t\t\t<div class=\"elementor-widget-wrap elementor-element-populated\">\n\t\t\t\t\t\t<div class=\"elementor-element elementor-element-3dc56b4 elementor-widget elementor-widget-heading\" data-id=\"3dc56b4\" data-element_type=\"widget\" data-widget_type=\"heading.default\">\n\t\t\t\t<div class=\"elementor-widget-container\">\n\t\t\t\t\t<h2 class=\"elementor-heading-title elementor-size-default\">Enregistrement de marques en Isra\u00ebl :<\/h2>\t\t\t\t<\/div>\n\t\t\t\t<\/div>\n\t\t\t\t<div class=\"elementor-element elementor-element-9414d89 elementor-widget elementor-widget-text-editor\" data-id=\"9414d89\" data-element_type=\"widget\" data-widget_type=\"text-editor.default\">\n\t\t\t\t<div class=\"elementor-widget-container\">\n\t\t\t\t\t\t\t\t\t<ul>\r\n \t<li class=\"content_space\">Conseil concernant la strat\u00e9gie et la gestion d&rsquo;un portefeuille de marques<\/li>\r\n \t<li class=\"content_space\">Recherche d&rsquo;ant\u00e9riorit\u00e9 et de disponibilit\u00e9 des marques<\/li>\r\n \t<li class=\"content_space\">R\u00e9daction des libell\u00e9s de produits\/services, classification et conformit\u00e9 avec la pratique isra\u00e9lienne<\/li>\r\n \t<li class=\"content_space\">Analyse juridique de la validit\u00e9 des marques selon la pratique isra\u00e9lienne<\/li>\r\n \t<li class=\"content_space\">D\u00e9p\u00f4t de demandes d&rsquo;enregistrement de marques<\/li>\r\n \t<li class=\"content_space\">Traitement de notifications officielles (office actions) \u00e9mises par l&rsquo;Office des Brevets d&rsquo;Isra\u00ebl, y compris les notifications de refus issues pour une d\u00e9signation isra\u00e9lienne de marque internationale selon le syst\u00e8me de Madrid<\/li>\r\n \t<li class=\"content_space\">N\u00e9gociation et r\u00e9daction d&rsquo;accords de coexistence et lettres de consentement<\/li>\r\n \t<li class=\"content_space\">Gestion de proc\u00e9dures d&rsquo;opposition et d&rsquo;actions en annulation<\/li>\r\n<\/ul>\r\n<section><\/section>\t\t\t\t\t\t\t\t<\/div>\n\t\t\t\t<\/div>\n\t\t\t\t\t<\/div>\n\t\t<\/div>\n\t\t\t\t\t<\/div>\n\t\t<\/section>\n\t\t\t\t<section class=\"elementor-section elementor-inner-section elementor-element elementor-element-cf47b07 elementor-section-boxed elementor-section-height-default elementor-section-height-default\" data-id=\"cf47b07\" data-element_type=\"section\">\n\t\t\t\t\t\t<div class=\"elementor-container elementor-column-gap-default\">\n\t\t\t\t\t<div class=\"elementor-column elementor-col-100 elementor-inner-column elementor-element elementor-element-7880217\" data-id=\"7880217\" data-element_type=\"column\">\n\t\t\t<div class=\"elementor-widget-wrap elementor-element-populated\">\n\t\t\t\t\t\t<div class=\"elementor-element elementor-element-f8e1070 elementor-widget-divider--view-line elementor-widget elementor-widget-divider\" data-id=\"f8e1070\" data-element_type=\"widget\" data-widget_type=\"divider.default\">\n\t\t\t\t<div class=\"elementor-widget-container\">\n\t\t\t\t\t\t\t<div class=\"elementor-divider\">\n\t\t\t<span class=\"elementor-divider-separator\">\n\t\t\t\t\t\t<\/span>\n\t\t<\/div>\n\t\t\t\t\t\t<\/div>\n\t\t\t\t<\/div>\n\t\t\t\t<div class=\"elementor-element elementor-element-f64e528 elementor-widget elementor-widget-heading\" data-id=\"f64e528\" data-element_type=\"widget\" data-widget_type=\"heading.default\">\n\t\t\t\t<div class=\"elementor-widget-container\">\n\t\t\t\t\t<h2 class=\"elementor-heading-title elementor-size-default\">Contrats portant sur les marques, modifications et renouvellements :<\/h2>\t\t\t\t<\/div>\n\t\t\t\t<\/div>\n\t\t\t\t<div class=\"elementor-element elementor-element-002ad31 elementor-widget elementor-widget-text-editor\" data-id=\"002ad31\" data-element_type=\"widget\" data-widget_type=\"text-editor.default\">\n\t\t\t\t<div class=\"elementor-widget-container\">\n\t\t\t\t\t\t\t\t\t<ul>\r\n \t<li class=\"content_space\">R\u00e9daction de contrats de licence de marques et gestion de leur inscription \u00e0\r\nl&rsquo;Office des Brevets d&rsquo;Isra\u00ebl<\/li>\r\n \t<li class=\"content_space\">Gestion des contrats de cession de marques et de leur inscription \u00e0 l&rsquo;Office des\r\nBrevets d&rsquo;Isra\u00ebl<\/li>\r\n \t<li class=\"content_space\">Inscription de changements de nom ou d&rsquo;adresse du titulaire de marques \u00e0 l&rsquo;Office des Brevets d&rsquo;Isra\u00ebl<\/li>\r\n \t<li class=\"content_space\">Renouvellement de marques<\/li>\r\n<\/ul>\t\t\t\t\t\t\t\t<\/div>\n\t\t\t\t<\/div>\n\t\t\t\t<div class=\"elementor-element elementor-element-e2e5f42 elementor-widget-divider--view-line elementor-widget elementor-widget-divider\" data-id=\"e2e5f42\" data-element_type=\"widget\" data-widget_type=\"divider.default\">\n\t\t\t\t<div class=\"elementor-widget-container\">\n\t\t\t\t\t\t\t<div class=\"elementor-divider\">\n\t\t\t<span class=\"elementor-divider-separator\">\n\t\t\t\t\t\t<\/span>\n\t\t<\/div>\n\t\t\t\t\t\t<\/div>\n\t\t\t\t<\/div>\n\t\t\t\t\t<\/div>\n\t\t<\/div>\n\t\t\t\t\t<\/div>\n\t\t<\/section>\n\t\t\t\t<section class=\"elementor-section elementor-inner-section elementor-element elementor-element-2436e16 elementor-section-boxed elementor-section-height-default elementor-section-height-default\" data-id=\"2436e16\" data-element_type=\"section\">\n\t\t\t\t\t\t<div class=\"elementor-container elementor-column-gap-default\">\n\t\t\t\t\t<div class=\"elementor-column elementor-col-100 elementor-inner-column elementor-element elementor-element-8cb6dfb\" data-id=\"8cb6dfb\" data-element_type=\"column\">\n\t\t\t<div class=\"elementor-widget-wrap elementor-element-populated\">\n\t\t\t\t\t\t<div class=\"elementor-element elementor-element-8ba2964 elementor-widget elementor-widget-heading\" data-id=\"8ba2964\" data-element_type=\"widget\" data-widget_type=\"heading.default\">\n\t\t\t\t<div class=\"elementor-widget-container\">\n\t\t\t\t\t<h2 class=\"elementor-heading-title elementor-size-default\">Enregistrement de marques \u00e0 l'\u00e9tranger :<\/h2>\t\t\t\t<\/div>\n\t\t\t\t<\/div>\n\t\t\t\t<div class=\"elementor-element elementor-element-34eafc6 elementor-widget elementor-widget-text-editor\" data-id=\"34eafc6\" data-element_type=\"widget\" data-widget_type=\"text-editor.default\">\n\t\t\t\t<div class=\"elementor-widget-container\">\n\t\t\t\t\t\t\t\t\t<ul>\r\n \t<li class=\"content_space\">D\u00e9p\u00f4t de demandes d&rsquo;enregistrement international de marques selon le syst\u00e8me de\r\nMadrid<\/li>\r\n \t<li class=\"content_space\">D\u00e9p\u00f4t de demandes de marques dans l&rsquo;Union europ\u00e9enne, aux USA et de demandes d&rsquo;enregistrement nationales de marques \u00e0 l&rsquo;\u00e9tranger, gr\u00e2ce \u00e0 un r\u00e9seau international d&rsquo;experts en\u00a0marques<\/li>\r\n \t<li>Gestion des objections, notifications de refus, oppositions et demandes d&rsquo;annulation \u00e0 l&rsquo;\u00e9tranger, gr\u00e2ce \u00e0 un\u00a0r\u00e9seau\u00a0international d&rsquo;experts en marques<\/li>\r\n<\/ul>\r\n<section><\/section>\t\t\t\t\t\t\t\t<\/div>\n\t\t\t\t<\/div>\n\t\t\t\t<div class=\"elementor-element elementor-element-ccd982e elementor-widget-divider--view-line elementor-widget elementor-widget-divider\" data-id=\"ccd982e\" data-element_type=\"widget\" data-widget_type=\"divider.default\">\n\t\t\t\t<div class=\"elementor-widget-container\">\n\t\t\t\t\t\t\t<div class=\"elementor-divider\">\n\t\t\t<span class=\"elementor-divider-separator\">\n\t\t\t\t\t\t<\/span>\n\t\t<\/div>\n\t\t\t\t\t\t<\/div>\n\t\t\t\t<\/div>\n\t\t\t\t\t<\/div>\n\t\t<\/div>\n\t\t\t\t\t<\/div>\n\t\t<\/section>\n\t\t\t\t<section class=\"elementor-section elementor-inner-section elementor-element elementor-element-1133237 elementor-section-boxed elementor-section-height-default elementor-section-height-default\" data-id=\"1133237\" data-element_type=\"section\">\n\t\t\t\t\t\t<div class=\"elementor-container elementor-column-gap-default\">\n\t\t\t\t\t<div class=\"elementor-column elementor-col-100 elementor-inner-column elementor-element elementor-element-8b7a5ff\" data-id=\"8b7a5ff\" data-element_type=\"column\">\n\t\t\t<div class=\"elementor-widget-wrap elementor-element-populated\">\n\t\t\t\t\t\t<div class=\"elementor-element elementor-element-7b27ebc elementor-widget elementor-widget-heading\" data-id=\"7b27ebc\" data-element_type=\"widget\" data-widget_type=\"heading.default\">\n\t\t\t\t<div class=\"elementor-widget-container\">\n\t\t\t\t\t<h2 class=\"elementor-heading-title elementor-size-default\">Noms de domaine - droit des technologies de l'information et de la communication :<\/h2>\t\t\t\t<\/div>\n\t\t\t\t<\/div>\n\t\t\t\t<div class=\"elementor-element elementor-element-37c6778 elementor-widget elementor-widget-text-editor\" data-id=\"37c6778\" data-element_type=\"widget\" data-widget_type=\"text-editor.default\">\n\t\t\t\t<div class=\"elementor-widget-container\">\n\t\t\t\t\t\t\t\t\t<ul>\r\n \t<li class=\"content_space\">Conseil sur la gestion des marques et noms de domaine<\/li>\r\n \t<li class=\"content_space\">Acquisition et renouvellement de noms de domaine<\/li>\r\n \t<li class=\"content_space\">Gestion de transactions portant sur les noms de domaine<\/li>\r\n \t<li class=\"content_space\">Traitement du contentieux et d&rsquo;arbitrages sur les noms de domaine<\/li>\r\n \t<li class=\"content_space\">Conseil et contrats portant sur le droit des technologies de l&rsquo;information et de la communication<\/li>\r\n<\/ul>\t\t\t\t\t\t\t\t<\/div>\n\t\t\t\t<\/div>\n\t\t\t\t\t<\/div>\n\t\t<\/div>\n\t\t\t\t\t<\/div>\n\t\t<\/section>\n\t\t\t\t\t<\/div>\n\t\t<\/div>\n\t\t\t\t\t<\/div>\n\t\t<\/section>\n\t\t\t\t<section class=\"elementor-section elementor-top-section elementor-element elementor-element-39a95e8d elementor-section-boxed elementor-section-height-default elementor-section-height-default\" data-id=\"39a95e8d\" data-element_type=\"section\">\n\t\t\t\t\t\t<div class=\"elementor-container elementor-column-gap-default\">\n\t\t\t\t\t<div class=\"elementor-column elementor-col-100 elementor-top-column elementor-element elementor-element-12edf964\" data-id=\"12edf964\" data-element_type=\"column\">\n\t\t\t<div class=\"elementor-widget-wrap\">\n\t\t\t\t\t\t\t<\/div>\n\t\t<\/div>\n\t\t\t\t\t<\/div>\n\t\t<\/section>\n\t\t\t\t<\/div>\n\t\t","protected":false},"excerpt":{"rendered":"<p>Expertise Enregistrement de marques en Isra\u00ebl : Conseil concernant la strat\u00e9gie et la gestion d&rsquo;un portefeuille de marques Recherche d&rsquo;ant\u00e9riorit\u00e9 et de disponibilit\u00e9 des marques R\u00e9daction des libell\u00e9s de produits\/services, classification et conformit\u00e9 avec la pratique isra\u00e9lienne Analyse juridique de la validit\u00e9 des marques selon la pratique isra\u00e9lienne D\u00e9p\u00f4t de demandes d&rsquo;enregistrement de marques Traitement [&hellip;]<\/p>\n","protected":false},"author":1,"featured_media":0,"parent":0,"menu_order":0,"comment_status":"closed","ping_status":"closed","template":"","meta":{"_acf_changed":false,"footnotes":""},"class_list":["post-547","page","type-page","status-publish","hentry"],"acf":[],"yoast_head":"<!-- This site is optimized with the Yoast SEO plugin v24.0 - https:\/\/yoast.com\/wordpress\/plugins\/seo\/ -->\n<title>Expertise - EZRATTY-FARHI Law Firm<\/title>\n<meta name=\"robots\" content=\"index, follow, max-snippet:-1, max-image-preview:large, max-video-preview:-1\" \/>\n<link rel=\"canonical\" href=\"https:\/\/ezratty.co.il\/fr\/expertise\/\" \/>\n<meta property=\"og:locale\" content=\"fr_FR\" \/>\n<meta property=\"og:type\" content=\"article\" \/>\n<meta property=\"og:title\" content=\"Expertise - EZRATTY-FARHI Law Firm\" \/>\n<meta property=\"og:description\" content=\"Expertise Enregistrement de marques en Isra\u00ebl : Conseil concernant la strat\u00e9gie et la gestion d&rsquo;un portefeuille de marques Recherche d&rsquo;ant\u00e9riorit\u00e9 et de disponibilit\u00e9 des marques R\u00e9daction des libell\u00e9s de produits\/services, classification et conformit\u00e9 avec la pratique isra\u00e9lienne Analyse juridique de la validit\u00e9 des marques selon la pratique isra\u00e9lienne D\u00e9p\u00f4t de demandes d&rsquo;enregistrement de marques Traitement [&hellip;]\" \/>\n<meta property=\"og:url\" content=\"https:\/\/ezratty.co.il\/fr\/expertise\/\" \/>\n<meta property=\"og:site_name\" content=\"EZRATTY-FARHI Law Firm\" \/>\n<meta property=\"article:modified_time\" content=\"2022-08-04T08:16:42+00:00\" \/>\n<meta name=\"twitter:card\" content=\"summary_large_image\" \/>\n<meta name=\"twitter:label1\" content=\"Dur\u00e9e de lecture estim\u00e9e\" \/>\n\t<meta name=\"twitter:data1\" content=\"2 minutes\" \/>\n<script type=\"application\/ld+json\" class=\"yoast-schema-graph\">{\"@context\":\"https:\/\/schema.org\",\"@graph\":[{\"@type\":\"WebPage\",\"@id\":\"https:\/\/ezratty.co.il\/fr\/expertise\/\",\"url\":\"https:\/\/ezratty.co.il\/fr\/expertise\/\",\"name\":\"Expertise - EZRATTY-FARHI Law Firm\",\"isPartOf\":{\"@id\":\"https:\/\/ezratty.co.il\/#website\"},\"datePublished\":\"2022-07-27T08:29:55+00:00\",\"dateModified\":\"2022-08-04T08:16:42+00:00\",\"breadcrumb\":{\"@id\":\"https:\/\/ezratty.co.il\/fr\/expertise\/#breadcrumb\"},\"inLanguage\":\"fr-FR\",\"potentialAction\":[{\"@type\":\"ReadAction\",\"target\":[\"https:\/\/ezratty.co.il\/fr\/expertise\/\"]}]},{\"@type\":\"BreadcrumbList\",\"@id\":\"https:\/\/ezratty.co.il\/fr\/expertise\/#breadcrumb\",\"itemListElement\":[{\"@type\":\"ListItem\",\"position\":1,\"name\":\"Home\",\"item\":\"https:\/\/ezratty.co.il\/fr\/\"},{\"@type\":\"ListItem\",\"position\":2,\"name\":\"Expertise\"}]},{\"@type\":\"WebSite\",\"@id\":\"https:\/\/ezratty.co.il\/#website\",\"url\":\"https:\/\/ezratty.co.il\/\",\"name\":\"EZRATTY-FARHI Law Firm\",\"description\":\"\",\"publisher\":{\"@id\":\"https:\/\/ezratty.co.il\/#organization\"},\"potentialAction\":[{\"@type\":\"SearchAction\",\"target\":{\"@type\":\"EntryPoint\",\"urlTemplate\":\"https:\/\/ezratty.co.il\/?s={search_term_string}\"},\"query-input\":{\"@type\":\"PropertyValueSpecification\",\"valueRequired\":true,\"valueName\":\"search_term_string\"}}],\"inLanguage\":\"fr-FR\"},{\"@type\":\"Organization\",\"@id\":\"https:\/\/ezratty.co.il\/#organization\",\"name\":\"EZRATTY-FARHI Law Firm\",\"url\":\"https:\/\/ezratty.co.il\/\",\"logo\":{\"@type\":\"ImageObject\",\"inLanguage\":\"fr-FR\",\"@id\":\"https:\/\/ezratty.co.il\/#\/schema\/logo\/image\/\",\"url\":\"https:\/\/ezratty.co.il\/wp-content\/uploads\/2022\/06\/logo.png\",\"contentUrl\":\"https:\/\/ezratty.co.il\/wp-content\/uploads\/2022\/06\/logo.png\",\"width\":256,\"height\":111,\"caption\":\"EZRATTY-FARHI Law Firm\"},\"image\":{\"@id\":\"https:\/\/ezratty.co.il\/#\/schema\/logo\/image\/\"}}]}<\/script>\n<!-- \/ Yoast SEO plugin. -->","yoast_head_json":{"title":"Expertise - EZRATTY-FARHI Law Firm","robots":{"index":"index","follow":"follow","max-snippet":"max-snippet:-1","max-image-preview":"max-image-preview:large","max-video-preview":"max-video-preview:-1"},"canonical":"https:\/\/ezratty.co.il\/fr\/expertise\/","og_locale":"fr_FR","og_type":"article","og_title":"Expertise - EZRATTY-FARHI Law Firm","og_description":"Expertise Enregistrement de marques en Isra\u00ebl : Conseil concernant la strat\u00e9gie et la gestion d&rsquo;un portefeuille de marques Recherche d&rsquo;ant\u00e9riorit\u00e9 et de disponibilit\u00e9 des marques R\u00e9daction des libell\u00e9s de produits\/services, classification et conformit\u00e9 avec la pratique isra\u00e9lienne Analyse juridique de la validit\u00e9 des marques selon la pratique isra\u00e9lienne D\u00e9p\u00f4t de demandes d&rsquo;enregistrement de marques Traitement [&hellip;]","og_url":"https:\/\/ezratty.co.il\/fr\/expertise\/","og_site_name":"EZRATTY-FARHI Law Firm","article_modified_time":"2022-08-04T08:16:42+00:00","twitter_card":"summary_large_image","twitter_misc":{"Dur\u00e9e de lecture estim\u00e9e":"2 minutes"},"schema":{"@context":"https:\/\/schema.org","@graph":[{"@type":"WebPage","@id":"https:\/\/ezratty.co.il\/fr\/expertise\/","url":"https:\/\/ezratty.co.il\/fr\/expertise\/","name":"Expertise - EZRATTY-FARHI Law Firm","isPartOf":{"@id":"https:\/\/ezratty.co.il\/#website"},"datePublished":"2022-07-27T08:29:55+00:00","dateModified":"2022-08-04T08:16:42+00:00","breadcrumb":{"@id":"https:\/\/ezratty.co.il\/fr\/expertise\/#breadcrumb"},"inLanguage":"fr-FR","potentialAction":[{"@type":"ReadAction","target":["https:\/\/ezratty.co.il\/fr\/expertise\/"]}]},{"@type":"BreadcrumbList","@id":"https:\/\/ezratty.co.il\/fr\/expertise\/#breadcrumb","itemListElement":[{"@type":"ListItem","position":1,"name":"Home","item":"https:\/\/ezratty.co.il\/fr\/"},{"@type":"ListItem","position":2,"name":"Expertise"}]},{"@type":"WebSite","@id":"https:\/\/ezratty.co.il\/#website","url":"https:\/\/ezratty.co.il\/","name":"EZRATTY-FARHI Law Firm","description":"","publisher":{"@id":"https:\/\/ezratty.co.il\/#organization"},"potentialAction":[{"@type":"SearchAction","target":{"@type":"EntryPoint","urlTemplate":"https:\/\/ezratty.co.il\/?s={search_term_string}"},"query-input":{"@type":"PropertyValueSpecification","valueRequired":true,"valueName":"search_term_string"}}],"inLanguage":"fr-FR"},{"@type":"Organization","@id":"https:\/\/ezratty.co.il\/#organization","name":"EZRATTY-FARHI Law Firm","url":"https:\/\/ezratty.co.il\/","logo":{"@type":"ImageObject","inLanguage":"fr-FR","@id":"https:\/\/ezratty.co.il\/#\/schema\/logo\/image\/","url":"https:\/\/ezratty.co.il\/wp-content\/uploads\/2022\/06\/logo.png","contentUrl":"https:\/\/ezratty.co.il\/wp-content\/uploads\/2022\/06\/logo.png","width":256,"height":111,"caption":"EZRATTY-FARHI Law Firm"},"image":{"@id":"https:\/\/ezratty.co.il\/#\/schema\/logo\/image\/"}}]}},"_links":{"self":[{"href":"https:\/\/ezratty.co.il\/fr\/wp-json\/wp\/v2\/pages\/547","targetHints":{"allow":["GET"]}}],"collection":[{"href":"https:\/\/ezratty.co.il\/fr\/wp-json\/wp\/v2\/pages"}],"about":[{"href":"https:\/\/ezratty.co.il\/fr\/wp-json\/wp\/v2\/types\/page"}],"author":[{"embeddable":true,"href":"https:\/\/ezratty.co.il\/fr\/wp-json\/wp\/v2\/users\/1"}],"replies":[{"embeddable":true,"href":"https:\/\/ezratty.co.il\/fr\/wp-json\/wp\/v2\/comments?post=547"}],"version-history":[{"count":0,"href":"https:\/\/ezratty.co.il\/fr\/wp-json\/wp\/v2\/pages\/547\/revisions"}],"wp:attachment":[{"href":"https:\/\/ezratty.co.il\/fr\/wp-json\/wp\/v2\/media?parent=547"}],"curies":[{"name":"wp","href":"https:\/\/api.w.org\/{rel}","templated":true}]}}