{"id":506,"date":"2022-07-26T13:44:47","date_gmt":"2022-07-26T13:44:47","guid":{"rendered":"https:\/\/new.ezratty.co.il\/accueil\/"},"modified":"2022-10-18T07:55:45","modified_gmt":"2022-10-18T07:55:45","slug":"accueil","status":"publish","type":"page","link":"https:\/\/ezratty.co.il\/fr\/","title":{"rendered":"Accueil"},"content":{"rendered":"\t\t<div data-elementor-type=\"wp-page\" data-elementor-id=\"506\" class=\"elementor elementor-506 elementor-2\" data-elementor-post-type=\"page\">\n\t\t\t\t\t\t<section class=\"elementor-section elementor-top-section elementor-element elementor-element-37f15d5d elementor-section-height-min-height elementor-section-items-stretch elementor-section-boxed elementor-section-height-default\" data-id=\"37f15d5d\" data-element_type=\"section\" data-settings=\"{&quot;background_background&quot;:&quot;classic&quot;}\">\n\t\t\t\t\t\t<div class=\"elementor-container elementor-column-gap-default\">\n\t\t\t\t\t<div class=\"elementor-column elementor-col-100 elementor-top-column elementor-element elementor-element-988d0d3\" data-id=\"988d0d3\" data-element_type=\"column\" data-settings=\"{&quot;background_background&quot;:&quot;classic&quot;}\">\n\t\t\t<div class=\"elementor-widget-wrap elementor-element-populated\">\n\t\t\t\t\t\t<section class=\"elementor-section elementor-inner-section elementor-element elementor-element-2e440a5 elementor-section-full_width elementor-section-height-default elementor-section-height-default\" data-id=\"2e440a5\" data-element_type=\"section\" data-settings=\"{&quot;background_background&quot;:&quot;classic&quot;}\">\n\t\t\t\t\t\t<div class=\"elementor-container elementor-column-gap-default\">\n\t\t\t\t\t<div class=\"elementor-column elementor-col-50 elementor-inner-column elementor-element elementor-element-05981f9\" data-id=\"05981f9\" data-element_type=\"column\">\n\t\t\t<div class=\"elementor-widget-wrap elementor-element-populated\">\n\t\t\t\t\t\t<div class=\"elementor-element elementor-element-1a2687c elementor-widget__width-initial elementor-widget elementor-widget-text-editor\" data-id=\"1a2687c\" data-element_type=\"widget\" data-widget_type=\"text-editor.default\">\n\t\t\t\t<div class=\"elementor-widget-container\">\n\t\t\t\t\t\t\t\t\t<p>Le cabinet EZRATTY-FARHI pratique l&rsquo;enregistrement des marques\u00a0<\/p><p>et offre une solution globale pour d\u00e9terminer une strat\u00e9gie de marques<br \/>et g\u00e9rer un portefeuille de marques en Isra\u00ebl et au niveau international.<\/p>\t\t\t\t\t\t\t\t<\/div>\n\t\t\t\t<\/div>\n\t\t\t\t<div class=\"elementor-element elementor-element-49f98e4 elementor-widget-divider--view-line elementor-widget elementor-widget-divider\" data-id=\"49f98e4\" data-element_type=\"widget\" data-widget_type=\"divider.default\">\n\t\t\t\t<div class=\"elementor-widget-container\">\n\t\t\t\t\t\t\t<div class=\"elementor-divider\">\n\t\t\t<span class=\"elementor-divider-separator\">\n\t\t\t\t\t\t<\/span>\n\t\t<\/div>\n\t\t\t\t\t\t<\/div>\n\t\t\t\t<\/div>\n\t\t\t\t<div class=\"elementor-element elementor-element-1a65b85 elementor-widget__width-initial elementor-widget elementor-widget-text-editor\" data-id=\"1a65b85\" data-element_type=\"widget\" data-widget_type=\"text-editor.default\">\n\t\t\t\t<div class=\"elementor-widget-container\">\n\t\t\t\t\t\t\t\t\t<p><span style=\"font-size: var( --e-global-typography-text-font-size );\">Nous procurons les conseils et services professionnels ad\u00e9quats<\/span><\/p><p>\u00e0 toutes les \u00e9tapes de l&rsquo;enregistrement d&rsquo;une marque, des recherches<br \/>pr\u00e9liminaires jusqu&rsquo;\u00e0 l&rsquo;enregistrement de la marque, et traitons de tous<br \/>les obstacles pouvant survenir au cours de la proc\u00e9dure<br \/>d&rsquo;enregistrement d&rsquo;une marque.<\/p><p>Le cabinet assure \u00e9galement la gestion et l&rsquo;enregistrement<br \/>de toutes les modifications survenant durant la vie d&rsquo;une marque,<br \/>comme la licence ou la cession d&rsquo;une marque,<br \/>ainsi que son renouvellement.<\/p>\t\t\t\t\t\t\t\t<\/div>\n\t\t\t\t<\/div>\n\t\t\t\t\t<\/div>\n\t\t<\/div>\n\t\t\t\t<div class=\"elementor-column elementor-col-50 elementor-inner-column elementor-element elementor-element-a1488f1 elementor-hidden-desktop elementor-hidden-tablet\" data-id=\"a1488f1\" data-element_type=\"column\">\n\t\t\t<div class=\"elementor-widget-wrap elementor-element-populated\">\n\t\t\t\t\t\t<div class=\"elementor-element elementor-element-24d9a16 elementor-widget elementor-widget-image\" data-id=\"24d9a16\" data-element_type=\"widget\" data-widget_type=\"image.default\">\n\t\t\t\t<div class=\"elementor-widget-container\">\n\t\t\t\t\t\t\t\t\t\t\t\t\t\t\t<img fetchpriority=\"high\" decoding=\"async\" width=\"1135\" height=\"440\" src=\"https:\/\/ezratty.co.il\/wp-content\/uploads\/2022\/07\/home11-1.png\" class=\"attachment-full size-full wp-image-330\" alt=\"\" srcset=\"https:\/\/ezratty.co.il\/wp-content\/uploads\/2022\/07\/home11-1.png 1135w, https:\/\/ezratty.co.il\/wp-content\/uploads\/2022\/07\/home11-1-300x116.png 300w, https:\/\/ezratty.co.il\/wp-content\/uploads\/2022\/07\/home11-1-1024x397.png 1024w, https:\/\/ezratty.co.il\/wp-content\/uploads\/2022\/07\/home11-1-768x298.png 768w\" sizes=\"(max-width: 1135px) 100vw, 1135px\" \/>\t\t\t\t\t\t\t\t\t\t\t\t\t\t\t<\/div>\n\t\t\t\t<\/div>\n\t\t\t\t\t<\/div>\n\t\t<\/div>\n\t\t\t\t\t<\/div>\n\t\t<\/section>\n\t\t\t\t\t<\/div>\n\t\t<\/div>\n\t\t\t\t\t<\/div>\n\t\t<\/section>\n\t\t\t\t<\/div>\n\t\t","protected":false},"excerpt":{"rendered":"<p>Le cabinet EZRATTY-FARHI pratique l&rsquo;enregistrement des marques\u00a0 et offre une solution globale pour d\u00e9terminer une strat\u00e9gie de marqueset g\u00e9rer un portefeuille de marques en Isra\u00ebl et au niveau international. Nous procurons les conseils et services professionnels ad\u00e9quats \u00e0 toutes les \u00e9tapes de l&rsquo;enregistrement d&rsquo;une marque, des recherchespr\u00e9liminaires jusqu&rsquo;\u00e0 l&rsquo;enregistrement de la marque, et traitons de [&hellip;]<\/p>\n","protected":false},"author":1,"featured_media":0,"parent":0,"menu_order":0,"comment_status":"closed","ping_status":"closed","template":"","meta":{"_acf_changed":false,"footnotes":""},"class_list":["post-506","page","type-page","status-publish","hentry"],"acf":[],"yoast_head":"<!-- This site is optimized with the Yoast SEO plugin v24.0 - https:\/\/yoast.com\/wordpress\/plugins\/seo\/ -->\n<title>Accueil - EZRATTY-FARHI Law Firm<\/title>\n<meta name=\"robots\" content=\"index, follow, max-snippet:-1, max-image-preview:large, max-video-preview:-1\" \/>\n<link rel=\"canonical\" href=\"https:\/\/ezratty.co.il\/fr\/\" \/>\n<meta property=\"og:locale\" content=\"fr_FR\" \/>\n<meta property=\"og:type\" content=\"article\" \/>\n<meta property=\"og:title\" content=\"Accueil - EZRATTY-FARHI Law Firm\" \/>\n<meta property=\"og:description\" content=\"Le cabinet EZRATTY-FARHI pratique l&rsquo;enregistrement des marques\u00a0 et offre une solution globale pour d\u00e9terminer une strat\u00e9gie de marqueset g\u00e9rer un portefeuille de marques en Isra\u00ebl et au niveau international. Nous procurons les conseils et services professionnels ad\u00e9quats \u00e0 toutes les \u00e9tapes de l&rsquo;enregistrement d&rsquo;une marque, des recherchespr\u00e9liminaires jusqu&rsquo;\u00e0 l&rsquo;enregistrement de la marque, et traitons de [&hellip;]\" \/>\n<meta property=\"og:url\" content=\"https:\/\/ezratty.co.il\/fr\/\" \/>\n<meta property=\"og:site_name\" content=\"EZRATTY-FARHI Law Firm\" \/>\n<meta property=\"article:modified_time\" content=\"2022-10-18T07:55:45+00:00\" \/>\n<meta property=\"og:image\" content=\"https:\/\/ezratty.co.il\/wp-content\/uploads\/2022\/07\/home11-1.png\" \/>\n\t<meta property=\"og:image:width\" content=\"1135\" \/>\n\t<meta property=\"og:image:height\" content=\"440\" \/>\n\t<meta property=\"og:image:type\" content=\"image\/png\" \/>\n<meta name=\"twitter:card\" content=\"summary_large_image\" \/>\n<meta name=\"twitter:label1\" content=\"Dur\u00e9e de lecture estim\u00e9e\" \/>\n\t<meta name=\"twitter:data1\" content=\"1 minute\" \/>\n<script type=\"application\/ld+json\" class=\"yoast-schema-graph\">{\"@context\":\"https:\/\/schema.org\",\"@graph\":[{\"@type\":\"WebPage\",\"@id\":\"https:\/\/ezratty.co.il\/fr\/\",\"url\":\"https:\/\/ezratty.co.il\/fr\/\",\"name\":\"Accueil - EZRATTY-FARHI Law Firm\",\"isPartOf\":{\"@id\":\"https:\/\/ezratty.co.il\/#website\"},\"primaryImageOfPage\":{\"@id\":\"https:\/\/ezratty.co.il\/fr\/#primaryimage\"},\"image\":{\"@id\":\"https:\/\/ezratty.co.il\/fr\/#primaryimage\"},\"thumbnailUrl\":\"https:\/\/ezratty.co.il\/wp-content\/uploads\/2022\/07\/home11-1.png\",\"datePublished\":\"2022-07-26T13:44:47+00:00\",\"dateModified\":\"2022-10-18T07:55:45+00:00\",\"breadcrumb\":{\"@id\":\"https:\/\/ezratty.co.il\/fr\/#breadcrumb\"},\"inLanguage\":\"fr-FR\",\"potentialAction\":[{\"@type\":\"ReadAction\",\"target\":[\"https:\/\/ezratty.co.il\/fr\/\"]}]},{\"@type\":\"ImageObject\",\"inLanguage\":\"fr-FR\",\"@id\":\"https:\/\/ezratty.co.il\/fr\/#primaryimage\",\"url\":\"https:\/\/ezratty.co.il\/wp-content\/uploads\/2022\/07\/home11-1.png\",\"contentUrl\":\"https:\/\/ezratty.co.il\/wp-content\/uploads\/2022\/07\/home11-1.png\"},{\"@type\":\"BreadcrumbList\",\"@id\":\"https:\/\/ezratty.co.il\/fr\/#breadcrumb\",\"itemListElement\":[{\"@type\":\"ListItem\",\"position\":1,\"name\":\"Home\",\"item\":\"https:\/\/ezratty.co.il\/fr\/\"},{\"@type\":\"ListItem\",\"position\":2,\"name\":\"Accueil\"}]},{\"@type\":\"WebSite\",\"@id\":\"https:\/\/ezratty.co.il\/#website\",\"url\":\"https:\/\/ezratty.co.il\/\",\"name\":\"EZRATTY-FARHI Law Firm\",\"description\":\"\",\"publisher\":{\"@id\":\"https:\/\/ezratty.co.il\/#organization\"},\"potentialAction\":[{\"@type\":\"SearchAction\",\"target\":{\"@type\":\"EntryPoint\",\"urlTemplate\":\"https:\/\/ezratty.co.il\/?s={search_term_string}\"},\"query-input\":{\"@type\":\"PropertyValueSpecification\",\"valueRequired\":true,\"valueName\":\"search_term_string\"}}],\"inLanguage\":\"fr-FR\"},{\"@type\":\"Organization\",\"@id\":\"https:\/\/ezratty.co.il\/#organization\",\"name\":\"EZRATTY-FARHI Law Firm\",\"url\":\"https:\/\/ezratty.co.il\/\",\"logo\":{\"@type\":\"ImageObject\",\"inLanguage\":\"fr-FR\",\"@id\":\"https:\/\/ezratty.co.il\/#\/schema\/logo\/image\/\",\"url\":\"https:\/\/ezratty.co.il\/wp-content\/uploads\/2022\/06\/logo.png\",\"contentUrl\":\"https:\/\/ezratty.co.il\/wp-content\/uploads\/2022\/06\/logo.png\",\"width\":256,\"height\":111,\"caption\":\"EZRATTY-FARHI Law Firm\"},\"image\":{\"@id\":\"https:\/\/ezratty.co.il\/#\/schema\/logo\/image\/\"}}]}<\/script>\n<!-- \/ Yoast SEO plugin. -->","yoast_head_json":{"title":"Accueil - EZRATTY-FARHI Law Firm","robots":{"index":"index","follow":"follow","max-snippet":"max-snippet:-1","max-image-preview":"max-image-preview:large","max-video-preview":"max-video-preview:-1"},"canonical":"https:\/\/ezratty.co.il\/fr\/","og_locale":"fr_FR","og_type":"article","og_title":"Accueil - EZRATTY-FARHI Law Firm","og_description":"Le cabinet EZRATTY-FARHI pratique l&rsquo;enregistrement des marques\u00a0 et offre une solution globale pour d\u00e9terminer une strat\u00e9gie de marqueset g\u00e9rer un portefeuille de marques en Isra\u00ebl et au niveau international. Nous procurons les conseils et services professionnels ad\u00e9quats \u00e0 toutes les \u00e9tapes de l&rsquo;enregistrement d&rsquo;une marque, des recherchespr\u00e9liminaires jusqu&rsquo;\u00e0 l&rsquo;enregistrement de la marque, et traitons de [&hellip;]","og_url":"https:\/\/ezratty.co.il\/fr\/","og_site_name":"EZRATTY-FARHI Law Firm","article_modified_time":"2022-10-18T07:55:45+00:00","og_image":[{"width":1135,"height":440,"url":"https:\/\/ezratty.co.il\/wp-content\/uploads\/2022\/07\/home11-1.png","type":"image\/png"}],"twitter_card":"summary_large_image","twitter_misc":{"Dur\u00e9e de lecture estim\u00e9e":"1 minute"},"schema":{"@context":"https:\/\/schema.org","@graph":[{"@type":"WebPage","@id":"https:\/\/ezratty.co.il\/fr\/","url":"https:\/\/ezratty.co.il\/fr\/","name":"Accueil - EZRATTY-FARHI Law Firm","isPartOf":{"@id":"https:\/\/ezratty.co.il\/#website"},"primaryImageOfPage":{"@id":"https:\/\/ezratty.co.il\/fr\/#primaryimage"},"image":{"@id":"https:\/\/ezratty.co.il\/fr\/#primaryimage"},"thumbnailUrl":"https:\/\/ezratty.co.il\/wp-content\/uploads\/2022\/07\/home11-1.png","datePublished":"2022-07-26T13:44:47+00:00","dateModified":"2022-10-18T07:55:45+00:00","breadcrumb":{"@id":"https:\/\/ezratty.co.il\/fr\/#breadcrumb"},"inLanguage":"fr-FR","potentialAction":[{"@type":"ReadAction","target":["https:\/\/ezratty.co.il\/fr\/"]}]},{"@type":"ImageObject","inLanguage":"fr-FR","@id":"https:\/\/ezratty.co.il\/fr\/#primaryimage","url":"https:\/\/ezratty.co.il\/wp-content\/uploads\/2022\/07\/home11-1.png","contentUrl":"https:\/\/ezratty.co.il\/wp-content\/uploads\/2022\/07\/home11-1.png"},{"@type":"BreadcrumbList","@id":"https:\/\/ezratty.co.il\/fr\/#breadcrumb","itemListElement":[{"@type":"ListItem","position":1,"name":"Home","item":"https:\/\/ezratty.co.il\/fr\/"},{"@type":"ListItem","position":2,"name":"Accueil"}]},{"@type":"WebSite","@id":"https:\/\/ezratty.co.il\/#website","url":"https:\/\/ezratty.co.il\/","name":"EZRATTY-FARHI Law Firm","description":"","publisher":{"@id":"https:\/\/ezratty.co.il\/#organization"},"potentialAction":[{"@type":"SearchAction","target":{"@type":"EntryPoint","urlTemplate":"https:\/\/ezratty.co.il\/?s={search_term_string}"},"query-input":{"@type":"PropertyValueSpecification","valueRequired":true,"valueName":"search_term_string"}}],"inLanguage":"fr-FR"},{"@type":"Organization","@id":"https:\/\/ezratty.co.il\/#organization","name":"EZRATTY-FARHI Law Firm","url":"https:\/\/ezratty.co.il\/","logo":{"@type":"ImageObject","inLanguage":"fr-FR","@id":"https:\/\/ezratty.co.il\/#\/schema\/logo\/image\/","url":"https:\/\/ezratty.co.il\/wp-content\/uploads\/2022\/06\/logo.png","contentUrl":"https:\/\/ezratty.co.il\/wp-content\/uploads\/2022\/06\/logo.png","width":256,"height":111,"caption":"EZRATTY-FARHI Law Firm"},"image":{"@id":"https:\/\/ezratty.co.il\/#\/schema\/logo\/image\/"}}]}},"_links":{"self":[{"href":"https:\/\/ezratty.co.il\/fr\/wp-json\/wp\/v2\/pages\/506","targetHints":{"allow":["GET"]}}],"collection":[{"href":"https:\/\/ezratty.co.il\/fr\/wp-json\/wp\/v2\/pages"}],"about":[{"href":"https:\/\/ezratty.co.il\/fr\/wp-json\/wp\/v2\/types\/page"}],"author":[{"embeddable":true,"href":"https:\/\/ezratty.co.il\/fr\/wp-json\/wp\/v2\/users\/1"}],"replies":[{"embeddable":true,"href":"https:\/\/ezratty.co.il\/fr\/wp-json\/wp\/v2\/comments?post=506"}],"version-history":[{"count":0,"href":"https:\/\/ezratty.co.il\/fr\/wp-json\/wp\/v2\/pages\/506\/revisions"}],"wp:attachment":[{"href":"https:\/\/ezratty.co.il\/fr\/wp-json\/wp\/v2\/media?parent=506"}],"curies":[{"name":"wp","href":"https:\/\/api.w.org\/{rel}","templated":true}]}}